{"id":993,"date":"2017-12-05T15:47:27","date_gmt":"2017-12-05T17:47:27","guid":{"rendered":"http:\/\/abifer.org.br\/institucional\/equipe-abifer\/"},"modified":"2018-01-15T16:20:58","modified_gmt":"2018-01-15T18:20:58","slug":"equipe-abifer","status":"publish","type":"page","link":"http:\/\/abifer.org.br\/en\/institucional\/equipe-abifer\/","title":{"rendered":"Team ABIFER"},"content":{"rendered":"","protected":false},"excerpt":{"rendered":"","protected":false},"author":1,"featured_media":0,"parent":956,"menu_order":0,"comment_status":"closed","ping_status":"closed","template":"page-equipe.php","meta":{"footnotes":""},"class_list":["post-993","page","type-page","status-publish","hentry"],"acf":[],"yoast_head":"<!-- This site is optimized with the Yoast SEO plugin v18.2 - https:\/\/yoast.com\/wordpress\/plugins\/seo\/ -->\n<title>Team ABIFER - ABIFER<\/title>\n<meta name=\"robots\" content=\"index, follow, max-snippet:-1, max-image-preview:large, max-video-preview:-1\" \/>\n<link rel=\"canonical\" href=\"http:\/\/abifer.org.br\/institucional\/equipe-abifer\/\" \/>\n<meta property=\"og:locale\" content=\"pt_BR\" \/>\n<meta property=\"og:type\" content=\"article\" \/>\n<meta property=\"og:title\" content=\"Team ABIFER - ABIFER\" \/>\n<meta property=\"og:url\" content=\"http:\/\/abifer.org.br\/en\/institucional\/equipe-abifer\/\" \/>\n<meta property=\"og:site_name\" content=\"ABIFER\" \/>\n<meta property=\"article:publisher\" content=\"https:\/\/www.facebook.com\/abiferoficial\/\" \/>\n<meta property=\"article:modified_time\" content=\"2018-01-15T18:20:58+00:00\" \/>\n<meta name=\"twitter:card\" content=\"summary_large_image\" \/>\n<meta name=\"twitter:site\" content=\"@abiferoficial\" \/>\n<script type=\"application\/ld+json\" class=\"yoast-schema-graph\">{\"@context\":\"https:\/\/schema.org\",\"@graph\":[{\"@type\":\"Organization\",\"@id\":\"http:\/\/abifer.org.br\/#organization\",\"name\":\"ABIFER\",\"url\":\"http:\/\/abifer.org.br\/\",\"sameAs\":[\"https:\/\/www.facebook.com\/abiferoficial\/\",\"https:\/\/www.linkedin.com\/company\/abiferoficial\/\",\"https:\/\/twitter.com\/abiferoficial\"],\"logo\":{\"@type\":\"ImageObject\",\"@id\":\"http:\/\/abifer.org.br\/#logo\",\"inLanguage\":\"pt-BR\",\"url\":\"https:\/\/abifer.org.br\/wp-content\/uploads\/2018\/05\/ABF_001_LogoSlogan.jpg\",\"contentUrl\":\"https:\/\/abifer.org.br\/wp-content\/uploads\/2018\/05\/ABF_001_LogoSlogan.jpg\",\"width\":1182,\"height\":486,\"caption\":\"ABIFER\"},\"image\":{\"@id\":\"http:\/\/abifer.org.br\/#logo\"}},{\"@type\":\"WebSite\",\"@id\":\"http:\/\/abifer.org.br\/#website\",\"url\":\"http:\/\/abifer.org.br\/\",\"name\":\"ABIFER\",\"description\":\"Associa\u00e7\u00e3o Brasileira da Ind\u00fastria Ferrovi\u00e1ria\",\"publisher\":{\"@id\":\"http:\/\/abifer.org.br\/#organization\"},\"potentialAction\":[{\"@type\":\"SearchAction\",\"target\":{\"@type\":\"EntryPoint\",\"urlTemplate\":\"http:\/\/abifer.org.br\/?s={search_term_string}\"},\"query-input\":\"required name=search_term_string\"}],\"inLanguage\":\"pt-BR\"},{\"@type\":\"WebPage\",\"@id\":\"http:\/\/abifer.org.br\/en\/institucional\/equipe-abifer\/#webpage\",\"url\":\"http:\/\/abifer.org.br\/en\/institucional\/equipe-abifer\/\",\"name\":\"Team ABIFER - ABIFER\",\"isPartOf\":{\"@id\":\"http:\/\/abifer.org.br\/#website\"},\"datePublished\":\"2017-12-05T17:47:27+00:00\",\"dateModified\":\"2018-01-15T18:20:58+00:00\",\"breadcrumb\":{\"@id\":\"http:\/\/abifer.org.br\/en\/institucional\/equipe-abifer\/#breadcrumb\"},\"inLanguage\":\"pt-BR\",\"potentialAction\":[{\"@type\":\"ReadAction\",\"target\":[\"http:\/\/abifer.org.br\/en\/institucional\/equipe-abifer\/\"]}]},{\"@type\":\"BreadcrumbList\",\"@id\":\"http:\/\/abifer.org.br\/en\/institucional\/equipe-abifer\/#breadcrumb\",\"itemListElement\":[{\"@type\":\"ListItem\",\"position\":1,\"name\":\"In\u00edcio\",\"item\":\"http:\/\/abifer.org.br\/\"},{\"@type\":\"ListItem\",\"position\":2,\"name\":\"Institucional\",\"item\":\"http:\/\/abifer.org.br\/en\/institucional\/\"},{\"@type\":\"ListItem\",\"position\":3,\"name\":\"Team ABIFER\"}]}]}<\/script>\n<!-- \/ Yoast SEO plugin. -->","yoast_head_json":{"title":"Team ABIFER - ABIFER","robots":{"index":"index","follow":"follow","max-snippet":"max-snippet:-1","max-image-preview":"max-image-preview:large","max-video-preview":"max-video-preview:-1"},"canonical":"http:\/\/abifer.org.br\/institucional\/equipe-abifer\/","og_locale":"pt_BR","og_type":"article","og_title":"Team ABIFER - ABIFER","og_url":"http:\/\/abifer.org.br\/en\/institucional\/equipe-abifer\/","og_site_name":"ABIFER","article_publisher":"https:\/\/www.facebook.com\/abiferoficial\/","article_modified_time":"2018-01-15T18:20:58+00:00","twitter_card":"summary_large_image","twitter_site":"@abiferoficial","schema":{"@context":"https:\/\/schema.org","@graph":[{"@type":"Organization","@id":"http:\/\/abifer.org.br\/#organization","name":"ABIFER","url":"http:\/\/abifer.org.br\/","sameAs":["https:\/\/www.facebook.com\/abiferoficial\/","https:\/\/www.linkedin.com\/company\/abiferoficial\/","https:\/\/twitter.com\/abiferoficial"],"logo":{"@type":"ImageObject","@id":"http:\/\/abifer.org.br\/#logo","inLanguage":"pt-BR","url":"https:\/\/abifer.org.br\/wp-content\/uploads\/2018\/05\/ABF_001_LogoSlogan.jpg","contentUrl":"https:\/\/abifer.org.br\/wp-content\/uploads\/2018\/05\/ABF_001_LogoSlogan.jpg","width":1182,"height":486,"caption":"ABIFER"},"image":{"@id":"http:\/\/abifer.org.br\/#logo"}},{"@type":"WebSite","@id":"http:\/\/abifer.org.br\/#website","url":"http:\/\/abifer.org.br\/","name":"ABIFER","description":"Associa\u00e7\u00e3o Brasileira da Ind\u00fastria Ferrovi\u00e1ria","publisher":{"@id":"http:\/\/abifer.org.br\/#organization"},"potentialAction":[{"@type":"SearchAction","target":{"@type":"EntryPoint","urlTemplate":"http:\/\/abifer.org.br\/?s={search_term_string}"},"query-input":"required name=search_term_string"}],"inLanguage":"pt-BR"},{"@type":"WebPage","@id":"http:\/\/abifer.org.br\/en\/institucional\/equipe-abifer\/#webpage","url":"http:\/\/abifer.org.br\/en\/institucional\/equipe-abifer\/","name":"Team ABIFER - ABIFER","isPartOf":{"@id":"http:\/\/abifer.org.br\/#website"},"datePublished":"2017-12-05T17:47:27+00:00","dateModified":"2018-01-15T18:20:58+00:00","breadcrumb":{"@id":"http:\/\/abifer.org.br\/en\/institucional\/equipe-abifer\/#breadcrumb"},"inLanguage":"pt-BR","potentialAction":[{"@type":"ReadAction","target":["http:\/\/abifer.org.br\/en\/institucional\/equipe-abifer\/"]}]},{"@type":"BreadcrumbList","@id":"http:\/\/abifer.org.br\/en\/institucional\/equipe-abifer\/#breadcrumb","itemListElement":[{"@type":"ListItem","position":1,"name":"In\u00edcio","item":"http:\/\/abifer.org.br\/"},{"@type":"ListItem","position":2,"name":"Institucional","item":"http:\/\/abifer.org.br\/en\/institucional\/"},{"@type":"ListItem","position":3,"name":"Team ABIFER"}]}]}},"_links":{"self":[{"href":"http:\/\/abifer.org.br\/en\/wp-json\/wp\/v2\/pages\/993\/"}],"collection":[{"href":"http:\/\/abifer.org.br\/en\/wp-json\/wp\/v2\/pages\/"}],"about":[{"href":"http:\/\/abifer.org.br\/en\/wp-json\/wp\/v2\/types\/page\/"}],"author":[{"embeddable":true,"href":"http:\/\/abifer.org.br\/en\/wp-json\/wp\/v2\/users\/1\/"}],"replies":[{"embeddable":true,"href":"http:\/\/abifer.org.br\/en\/wp-json\/wp\/v2\/comments\/?post=993"}],"version-history":[{"count":0,"href":"http:\/\/abifer.org.br\/en\/wp-json\/wp\/v2\/pages\/993\/revisions\/"}],"up":[{"embeddable":true,"href":"http:\/\/abifer.org.br\/en\/wp-json\/wp\/v2\/pages\/956\/"}],"wp:attachment":[{"href":"http:\/\/abifer.org.br\/en\/wp-json\/wp\/v2\/media\/?parent=993"}],"curies":[{"name":"wp","href":"https:\/\/api.w.org\/{rel}","templated":true}]}}