{"id":956,"date":"2017-11-24T11:38:57","date_gmt":"2017-11-24T13:38:57","guid":{"rendered":"http:\/\/abifer.org.br\/institucional\/"},"modified":"2018-01-18T11:06:54","modified_gmt":"2018-01-18T13:06:54","slug":"institucional","status":"publish","type":"page","link":"https:\/\/abifer.org.br\/en\/institucional\/","title":{"rendered":"Institucional"},"content":{"rendered":"<p><strong>On the rails of development<\/strong><\/p>\n<p><img loading=\"lazy\" decoding=\"async\" class=\"alignright wp-image-277\" src=\"http:\/\/abifer.org.br\/wp-content\/uploads\/2017\/11\/vagoes.png\" alt=\"\" width=\"625\" height=\"244\" srcset=\"https:\/\/abifer.org.br\/wp-content\/uploads\/2017\/11\/vagoes.png 902w, https:\/\/abifer.org.br\/wp-content\/uploads\/2017\/11\/vagoes-300x117.png 300w, https:\/\/abifer.org.br\/wp-content\/uploads\/2017\/11\/vagoes-768x300.png 768w\" sizes=\"(max-width: 625px) 100vw, 625px\" \/>ABIFER gathers manufacturers of diesel-electric and dieselhydraulic locomotives, freight cars for all purposes, steel mill cars, subway and suburban trains, light rail vehicles (LRV), high speed trains, signaling and telecommunication systems, brakes, coupler systems, doors, pantographs, air conditioning, bogies and their components: wheels, axles, brake shoes and springs, material for track: rail clips, joint bars, turnouts, sleepers and rail welding, in addition to companies specializing in services of engineering, maintenance, refurbishing, adaptation and modernization of railway vehicles. <\/p>\n<hr \/>\n<div class=\"row\">\n<div class=\"col-md-6\">\n<h3>Mission<\/h3>\n<p>The Association\u2019s mission is to defend the interests of the Brazilian industry of railroad equipment, components and materials, and contribute to the development of this transportation modal, aiming at its adequacy to Brazil\u2019s real needs.<\/p>\n<\/div>\n<div class=\"col-md-6\">\n<h3>History<\/h3>\n<p>ABIFER was founded on August 8, 1977 by manufacturers of railway system equipment, aimed at highlighting the importance of the industry and the cargo and passenger rail transportation. It has been in permanent relationship with operators, government authorities and legislators, BNDES (the Brazilian Development Bank), universities and several segments of society. <\/p>\n<\/div>\n<\/div>\n<hr \/>\n<h3>METAS DA ABIFER<\/h3>\n<ul>\n<li>Implementar, em conson\u00e2ncia com as concession\u00e1rias, programas de inova\u00e7\u00f5es tecnol\u00f3gicas para o aprimoramento cont\u00ednuo dos equipamentos e componentes ferrovi\u00e1rios;<\/li>\n<li>Atuar junto ao BNDES e outros bancos de fomento, para obter as condi\u00e7\u00f5es mais favor\u00e1veis de financiamento para a aquisi\u00e7\u00e3o de equipamentos ferrovi\u00e1rios, bem como para a sua manuten\u00e7\u00e3o e moderniza\u00e7\u00e3o;<\/li>\n<li>Promover a intermodalidade, sem perder de vista a necessidade do equil\u00edbrio da matriz brasileira de transporte de cargas, ainda bastante distorcida e desfavor\u00e1vel ao nosso setor;<\/li>\n<li>Incentivar a expans\u00e3o da malha ferrovi\u00e1ria, hoje extremamente aqu\u00e9m dos padr\u00f5es mundiais, promovendo a otimiza\u00e7\u00e3o dos acessos ferrovi\u00e1rios aos portos;<\/li>\n<li>Apoiar os projetos de implanta\u00e7\u00e3o do Trem de Alta Velocidade e dos Trens Regionais, com a m\u00e1xima participa\u00e7\u00e3o da ind\u00fastria ferrovi\u00e1ria brasileira na sua execu\u00e7\u00e3o;<\/li>\n<li>Colaborar com a EPL (Empresa de Planejamento e Log\u00edstica), VALEC e DNIT;<\/li>\n<li>Defender um fluxo cont\u00ednuo de investimentos, a m\u00e9dio e longo prazos, para a implanta\u00e7\u00e3o de uma infraestrutura de transporte de massa que viabilize o desenvolvimento sustent\u00e1vel das principais cidades brasileiras.<\/li>\n<\/ul>\n","protected":false},"excerpt":{"rendered":"<p>On the rails of development ABIFER gathers manufacturers of diesel-electric and dieselhydraulic locomotives, freight cars for all purposes, steel mill cars, subway and suburban trains, light rail vehicles (LRV), high speed trains, signaling and telecommunication systems, brakes, coupler systems, doors, pantographs, air conditioning, bogies and their components: wheels, axles, brake shoes and springs, material for [&hellip;]<\/p>\n","protected":false},"author":1,"featured_media":0,"parent":0,"menu_order":0,"comment_status":"closed","ping_status":"closed","template":"page-institucional.php","meta":{"footnotes":""},"class_list":["post-956","page","type-page","status-publish","hentry"],"acf":[],"yoast_head":"<!-- This site is optimized with the Yoast SEO plugin v18.2 - https:\/\/yoast.com\/wordpress\/plugins\/seo\/ -->\n<title>Institucional - ABIFER<\/title>\n<meta name=\"robots\" content=\"index, follow, max-snippet:-1, max-image-preview:large, max-video-preview:-1\" \/>\n<link rel=\"canonical\" href=\"http:\/\/abifer.org.br\/institucional\/\" \/>\n<meta property=\"og:locale\" content=\"pt_BR\" \/>\n<meta property=\"og:type\" content=\"article\" \/>\n<meta property=\"og:title\" content=\"Institucional - ABIFER\" \/>\n<meta property=\"og:description\" content=\"On the rails of development ABIFER gathers manufacturers of diesel-electric and dieselhydraulic locomotives, freight cars for all purposes, steel mill cars, subway and suburban trains, light rail vehicles (LRV), high speed trains, signaling and telecommunication systems, brakes, coupler systems, doors, pantographs, air conditioning, bogies and their components: wheels, axles, brake shoes and springs, material for [&hellip;]\" \/>\n<meta property=\"og:url\" content=\"http:\/\/abifer.org.br\/en\/institucional\/\" \/>\n<meta property=\"og:site_name\" content=\"ABIFER\" \/>\n<meta property=\"article:publisher\" content=\"https:\/\/www.facebook.com\/abiferoficial\/\" \/>\n<meta property=\"article:modified_time\" content=\"2018-01-18T13:06:54+00:00\" \/>\n<meta property=\"og:image\" content=\"http:\/\/abifer.org.br\/wp-content\/uploads\/2017\/11\/vagoes.png\" \/>\n<meta name=\"twitter:card\" content=\"summary_large_image\" \/>\n<meta name=\"twitter:site\" content=\"@abiferoficial\" \/>\n<meta name=\"twitter:label1\" content=\"Est. tempo de leitura\" \/>\n\t<meta name=\"twitter:data1\" content=\"2 minutos\" \/>\n<script type=\"application\/ld+json\" class=\"yoast-schema-graph\">{\"@context\":\"https:\/\/schema.org\",\"@graph\":[{\"@type\":\"Organization\",\"@id\":\"https:\/\/abifer.org.br\/en\/#organization\",\"name\":\"ABIFER\",\"url\":\"https:\/\/abifer.org.br\/en\/\",\"sameAs\":[\"https:\/\/www.facebook.com\/abiferoficial\/\",\"https:\/\/www.linkedin.com\/company\/abiferoficial\/\",\"https:\/\/twitter.com\/abiferoficial\"],\"logo\":{\"@type\":\"ImageObject\",\"@id\":\"https:\/\/abifer.org.br\/en\/#logo\",\"inLanguage\":\"pt-BR\",\"url\":\"https:\/\/abifer.org.br\/wp-content\/uploads\/2018\/05\/ABF_001_LogoSlogan.jpg\",\"contentUrl\":\"https:\/\/abifer.org.br\/wp-content\/uploads\/2018\/05\/ABF_001_LogoSlogan.jpg\",\"width\":1182,\"height\":486,\"caption\":\"ABIFER\"},\"image\":{\"@id\":\"https:\/\/abifer.org.br\/en\/#logo\"}},{\"@type\":\"WebSite\",\"@id\":\"https:\/\/abifer.org.br\/en\/#website\",\"url\":\"https:\/\/abifer.org.br\/en\/\",\"name\":\"ABIFER\",\"description\":\"Associa\u00e7\u00e3o Brasileira da Ind\u00fastria Ferrovi\u00e1ria\",\"publisher\":{\"@id\":\"https:\/\/abifer.org.br\/en\/#organization\"},\"potentialAction\":[{\"@type\":\"SearchAction\",\"target\":{\"@type\":\"EntryPoint\",\"urlTemplate\":\"https:\/\/abifer.org.br\/en\/?s={search_term_string}\"},\"query-input\":\"required name=search_term_string\"}],\"inLanguage\":\"pt-BR\"},{\"@type\":\"ImageObject\",\"@id\":\"http:\/\/abifer.org.br\/en\/institucional\/#primaryimage\",\"inLanguage\":\"pt-BR\",\"url\":\"http:\/\/abifer.org.br\/wp-content\/uploads\/2017\/11\/vagoes.png\",\"contentUrl\":\"http:\/\/abifer.org.br\/wp-content\/uploads\/2017\/11\/vagoes.png\"},{\"@type\":\"WebPage\",\"@id\":\"http:\/\/abifer.org.br\/en\/institucional\/#webpage\",\"url\":\"http:\/\/abifer.org.br\/en\/institucional\/\",\"name\":\"Institucional - ABIFER\",\"isPartOf\":{\"@id\":\"https:\/\/abifer.org.br\/en\/#website\"},\"primaryImageOfPage\":{\"@id\":\"http:\/\/abifer.org.br\/en\/institucional\/#primaryimage\"},\"datePublished\":\"2017-11-24T13:38:57+00:00\",\"dateModified\":\"2018-01-18T13:06:54+00:00\",\"breadcrumb\":{\"@id\":\"http:\/\/abifer.org.br\/en\/institucional\/#breadcrumb\"},\"inLanguage\":\"pt-BR\",\"potentialAction\":[{\"@type\":\"ReadAction\",\"target\":[\"http:\/\/abifer.org.br\/en\/institucional\/\"]}]},{\"@type\":\"BreadcrumbList\",\"@id\":\"http:\/\/abifer.org.br\/en\/institucional\/#breadcrumb\",\"itemListElement\":[{\"@type\":\"ListItem\",\"position\":1,\"name\":\"In\u00edcio\",\"item\":\"https:\/\/abifer.org.br\/en\/\"},{\"@type\":\"ListItem\",\"position\":2,\"name\":\"Institucional\"}]}]}<\/script>\n<!-- \/ Yoast SEO plugin. -->","yoast_head_json":{"title":"Institucional - ABIFER","robots":{"index":"index","follow":"follow","max-snippet":"max-snippet:-1","max-image-preview":"max-image-preview:large","max-video-preview":"max-video-preview:-1"},"canonical":"http:\/\/abifer.org.br\/institucional\/","og_locale":"pt_BR","og_type":"article","og_title":"Institucional - ABIFER","og_description":"On the rails of development ABIFER gathers manufacturers of diesel-electric and dieselhydraulic locomotives, freight cars for all purposes, steel mill cars, subway and suburban trains, light rail vehicles (LRV), high speed trains, signaling and telecommunication systems, brakes, coupler systems, doors, pantographs, air conditioning, bogies and their components: wheels, axles, brake shoes and springs, material for [&hellip;]","og_url":"http:\/\/abifer.org.br\/en\/institucional\/","og_site_name":"ABIFER","article_publisher":"https:\/\/www.facebook.com\/abiferoficial\/","article_modified_time":"2018-01-18T13:06:54+00:00","og_image":[{"url":"http:\/\/abifer.org.br\/wp-content\/uploads\/2017\/11\/vagoes.png"}],"twitter_card":"summary_large_image","twitter_site":"@abiferoficial","twitter_misc":{"Est. tempo de leitura":"2 minutos"},"schema":{"@context":"https:\/\/schema.org","@graph":[{"@type":"Organization","@id":"https:\/\/abifer.org.br\/en\/#organization","name":"ABIFER","url":"https:\/\/abifer.org.br\/en\/","sameAs":["https:\/\/www.facebook.com\/abiferoficial\/","https:\/\/www.linkedin.com\/company\/abiferoficial\/","https:\/\/twitter.com\/abiferoficial"],"logo":{"@type":"ImageObject","@id":"https:\/\/abifer.org.br\/en\/#logo","inLanguage":"pt-BR","url":"https:\/\/abifer.org.br\/wp-content\/uploads\/2018\/05\/ABF_001_LogoSlogan.jpg","contentUrl":"https:\/\/abifer.org.br\/wp-content\/uploads\/2018\/05\/ABF_001_LogoSlogan.jpg","width":1182,"height":486,"caption":"ABIFER"},"image":{"@id":"https:\/\/abifer.org.br\/en\/#logo"}},{"@type":"WebSite","@id":"https:\/\/abifer.org.br\/en\/#website","url":"https:\/\/abifer.org.br\/en\/","name":"ABIFER","description":"Associa\u00e7\u00e3o Brasileira da Ind\u00fastria Ferrovi\u00e1ria","publisher":{"@id":"https:\/\/abifer.org.br\/en\/#organization"},"potentialAction":[{"@type":"SearchAction","target":{"@type":"EntryPoint","urlTemplate":"https:\/\/abifer.org.br\/en\/?s={search_term_string}"},"query-input":"required name=search_term_string"}],"inLanguage":"pt-BR"},{"@type":"ImageObject","@id":"http:\/\/abifer.org.br\/en\/institucional\/#primaryimage","inLanguage":"pt-BR","url":"http:\/\/abifer.org.br\/wp-content\/uploads\/2017\/11\/vagoes.png","contentUrl":"http:\/\/abifer.org.br\/wp-content\/uploads\/2017\/11\/vagoes.png"},{"@type":"WebPage","@id":"http:\/\/abifer.org.br\/en\/institucional\/#webpage","url":"http:\/\/abifer.org.br\/en\/institucional\/","name":"Institucional - ABIFER","isPartOf":{"@id":"https:\/\/abifer.org.br\/en\/#website"},"primaryImageOfPage":{"@id":"http:\/\/abifer.org.br\/en\/institucional\/#primaryimage"},"datePublished":"2017-11-24T13:38:57+00:00","dateModified":"2018-01-18T13:06:54+00:00","breadcrumb":{"@id":"http:\/\/abifer.org.br\/en\/institucional\/#breadcrumb"},"inLanguage":"pt-BR","potentialAction":[{"@type":"ReadAction","target":["http:\/\/abifer.org.br\/en\/institucional\/"]}]},{"@type":"BreadcrumbList","@id":"http:\/\/abifer.org.br\/en\/institucional\/#breadcrumb","itemListElement":[{"@type":"ListItem","position":1,"name":"In\u00edcio","item":"https:\/\/abifer.org.br\/en\/"},{"@type":"ListItem","position":2,"name":"Institucional"}]}]}},"_links":{"self":[{"href":"https:\/\/abifer.org.br\/en\/wp-json\/wp\/v2\/pages\/956\/"}],"collection":[{"href":"https:\/\/abifer.org.br\/en\/wp-json\/wp\/v2\/pages\/"}],"about":[{"href":"https:\/\/abifer.org.br\/en\/wp-json\/wp\/v2\/types\/page\/"}],"author":[{"embeddable":true,"href":"https:\/\/abifer.org.br\/en\/wp-json\/wp\/v2\/users\/1\/"}],"replies":[{"embeddable":true,"href":"https:\/\/abifer.org.br\/en\/wp-json\/wp\/v2\/comments\/?post=956"}],"version-history":[{"count":0,"href":"https:\/\/abifer.org.br\/en\/wp-json\/wp\/v2\/pages\/956\/revisions\/"}],"wp:attachment":[{"href":"https:\/\/abifer.org.br\/en\/wp-json\/wp\/v2\/media\/?parent=956"}],"curies":[{"name":"wp","href":"https:\/\/api.w.org\/{rel}","templated":true}]}}