{"id":963,"date":"2017-11-23T11:19:13","date_gmt":"2017-11-23T13:19:13","guid":{"rendered":"http:\/\/abifer.org.br\/comunicacao\/"},"modified":"2018-01-15T15:34:14","modified_gmt":"2018-01-15T17:34:14","slug":"comunicacao","status":"publish","type":"page","link":"https:\/\/abifer.org.br\/en\/comunicacao\/","title":{"rendered":"Communication"},"content":{"rendered":"","protected":false},"excerpt":{"rendered":"","protected":false},"author":1,"featured_media":0,"parent":0,"menu_order":0,"comment_status":"closed","ping_status":"closed","template":"page-noticias.php","meta":{"footnotes":""},"class_list":["post-963","page","type-page","status-publish","hentry"],"acf":[],"yoast_head":"<!-- This site is optimized with the Yoast SEO plugin v18.2 - https:\/\/yoast.com\/wordpress\/plugins\/seo\/ -->\n<title>Communication - ABIFER<\/title>\n<meta name=\"robots\" content=\"index, follow, max-snippet:-1, max-image-preview:large, max-video-preview:-1\" \/>\n<link rel=\"canonical\" href=\"https:\/\/abifer.org.br\/comunicacao\/\" \/>\n<meta property=\"og:locale\" content=\"pt_BR\" \/>\n<meta property=\"og:type\" content=\"article\" \/>\n<meta property=\"og:title\" content=\"Communication - ABIFER\" \/>\n<meta property=\"og:url\" content=\"https:\/\/abifer.org.br\/en\/comunicacao\/\" \/>\n<meta property=\"og:site_name\" content=\"ABIFER\" \/>\n<meta property=\"article:publisher\" content=\"https:\/\/www.facebook.com\/abiferoficial\/\" \/>\n<meta property=\"article:modified_time\" content=\"2018-01-15T17:34:14+00:00\" \/>\n<meta name=\"twitter:card\" content=\"summary_large_image\" \/>\n<meta name=\"twitter:site\" content=\"@abiferoficial\" \/>\n<script type=\"application\/ld+json\" class=\"yoast-schema-graph\">{\"@context\":\"https:\/\/schema.org\",\"@graph\":[{\"@type\":\"Organization\",\"@id\":\"https:\/\/abifer.org.br\/en\/#organization\",\"name\":\"ABIFER\",\"url\":\"https:\/\/abifer.org.br\/en\/\",\"sameAs\":[\"https:\/\/www.facebook.com\/abiferoficial\/\",\"https:\/\/www.linkedin.com\/company\/abiferoficial\/\",\"https:\/\/twitter.com\/abiferoficial\"],\"logo\":{\"@type\":\"ImageObject\",\"@id\":\"https:\/\/abifer.org.br\/en\/#logo\",\"inLanguage\":\"pt-BR\",\"url\":\"https:\/\/abifer.org.br\/wp-content\/uploads\/2018\/05\/ABF_001_LogoSlogan.jpg\",\"contentUrl\":\"https:\/\/abifer.org.br\/wp-content\/uploads\/2018\/05\/ABF_001_LogoSlogan.jpg\",\"width\":1182,\"height\":486,\"caption\":\"ABIFER\"},\"image\":{\"@id\":\"https:\/\/abifer.org.br\/en\/#logo\"}},{\"@type\":\"WebSite\",\"@id\":\"https:\/\/abifer.org.br\/en\/#website\",\"url\":\"https:\/\/abifer.org.br\/en\/\",\"name\":\"ABIFER\",\"description\":\"Associa\u00e7\u00e3o Brasileira da Ind\u00fastria Ferrovi\u00e1ria\",\"publisher\":{\"@id\":\"https:\/\/abifer.org.br\/en\/#organization\"},\"potentialAction\":[{\"@type\":\"SearchAction\",\"target\":{\"@type\":\"EntryPoint\",\"urlTemplate\":\"https:\/\/abifer.org.br\/en\/?s={search_term_string}\"},\"query-input\":\"required name=search_term_string\"}],\"inLanguage\":\"pt-BR\"},{\"@type\":\"WebPage\",\"@id\":\"https:\/\/abifer.org.br\/en\/comunicacao\/#webpage\",\"url\":\"https:\/\/abifer.org.br\/en\/comunicacao\/\",\"name\":\"Communication - ABIFER\",\"isPartOf\":{\"@id\":\"https:\/\/abifer.org.br\/en\/#website\"},\"datePublished\":\"2017-11-23T13:19:13+00:00\",\"dateModified\":\"2018-01-15T17:34:14+00:00\",\"breadcrumb\":{\"@id\":\"https:\/\/abifer.org.br\/en\/comunicacao\/#breadcrumb\"},\"inLanguage\":\"pt-BR\",\"potentialAction\":[{\"@type\":\"ReadAction\",\"target\":[\"https:\/\/abifer.org.br\/en\/comunicacao\/\"]}]},{\"@type\":\"BreadcrumbList\",\"@id\":\"https:\/\/abifer.org.br\/en\/comunicacao\/#breadcrumb\",\"itemListElement\":[{\"@type\":\"ListItem\",\"position\":1,\"name\":\"In\u00edcio\",\"item\":\"https:\/\/abifer.org.br\/en\/\"},{\"@type\":\"ListItem\",\"position\":2,\"name\":\"Communication\"}]}]}<\/script>\n<!-- \/ Yoast SEO plugin. -->","yoast_head_json":{"title":"Communication - ABIFER","robots":{"index":"index","follow":"follow","max-snippet":"max-snippet:-1","max-image-preview":"max-image-preview:large","max-video-preview":"max-video-preview:-1"},"canonical":"https:\/\/abifer.org.br\/comunicacao\/","og_locale":"pt_BR","og_type":"article","og_title":"Communication - ABIFER","og_url":"https:\/\/abifer.org.br\/en\/comunicacao\/","og_site_name":"ABIFER","article_publisher":"https:\/\/www.facebook.com\/abiferoficial\/","article_modified_time":"2018-01-15T17:34:14+00:00","twitter_card":"summary_large_image","twitter_site":"@abiferoficial","schema":{"@context":"https:\/\/schema.org","@graph":[{"@type":"Organization","@id":"https:\/\/abifer.org.br\/en\/#organization","name":"ABIFER","url":"https:\/\/abifer.org.br\/en\/","sameAs":["https:\/\/www.facebook.com\/abiferoficial\/","https:\/\/www.linkedin.com\/company\/abiferoficial\/","https:\/\/twitter.com\/abiferoficial"],"logo":{"@type":"ImageObject","@id":"https:\/\/abifer.org.br\/en\/#logo","inLanguage":"pt-BR","url":"https:\/\/abifer.org.br\/wp-content\/uploads\/2018\/05\/ABF_001_LogoSlogan.jpg","contentUrl":"https:\/\/abifer.org.br\/wp-content\/uploads\/2018\/05\/ABF_001_LogoSlogan.jpg","width":1182,"height":486,"caption":"ABIFER"},"image":{"@id":"https:\/\/abifer.org.br\/en\/#logo"}},{"@type":"WebSite","@id":"https:\/\/abifer.org.br\/en\/#website","url":"https:\/\/abifer.org.br\/en\/","name":"ABIFER","description":"Associa\u00e7\u00e3o Brasileira da Ind\u00fastria Ferrovi\u00e1ria","publisher":{"@id":"https:\/\/abifer.org.br\/en\/#organization"},"potentialAction":[{"@type":"SearchAction","target":{"@type":"EntryPoint","urlTemplate":"https:\/\/abifer.org.br\/en\/?s={search_term_string}"},"query-input":"required name=search_term_string"}],"inLanguage":"pt-BR"},{"@type":"WebPage","@id":"https:\/\/abifer.org.br\/en\/comunicacao\/#webpage","url":"https:\/\/abifer.org.br\/en\/comunicacao\/","name":"Communication - ABIFER","isPartOf":{"@id":"https:\/\/abifer.org.br\/en\/#website"},"datePublished":"2017-11-23T13:19:13+00:00","dateModified":"2018-01-15T17:34:14+00:00","breadcrumb":{"@id":"https:\/\/abifer.org.br\/en\/comunicacao\/#breadcrumb"},"inLanguage":"pt-BR","potentialAction":[{"@type":"ReadAction","target":["https:\/\/abifer.org.br\/en\/comunicacao\/"]}]},{"@type":"BreadcrumbList","@id":"https:\/\/abifer.org.br\/en\/comunicacao\/#breadcrumb","itemListElement":[{"@type":"ListItem","position":1,"name":"In\u00edcio","item":"https:\/\/abifer.org.br\/en\/"},{"@type":"ListItem","position":2,"name":"Communication"}]}]}},"_links":{"self":[{"href":"https:\/\/abifer.org.br\/en\/wp-json\/wp\/v2\/pages\/963\/"}],"collection":[{"href":"https:\/\/abifer.org.br\/en\/wp-json\/wp\/v2\/pages\/"}],"about":[{"href":"https:\/\/abifer.org.br\/en\/wp-json\/wp\/v2\/types\/page\/"}],"author":[{"embeddable":true,"href":"https:\/\/abifer.org.br\/en\/wp-json\/wp\/v2\/users\/1\/"}],"replies":[{"embeddable":true,"href":"https:\/\/abifer.org.br\/en\/wp-json\/wp\/v2\/comments\/?post=963"}],"version-history":[{"count":0,"href":"https:\/\/abifer.org.br\/en\/wp-json\/wp\/v2\/pages\/963\/revisions\/"}],"wp:attachment":[{"href":"https:\/\/abifer.org.br\/en\/wp-json\/wp\/v2\/media\/?parent=963"}],"curies":[{"name":"wp","href":"https:\/\/api.w.org\/{rel}","templated":true}]}}