{"id":984,"date":"2017-11-23T11:57:35","date_gmt":"2017-11-23T13:57:35","guid":{"rendered":"http:\/\/abifer.org.br\/contato\/"},"modified":"2018-01-15T16:13:53","modified_gmt":"2018-01-15T18:13:53","slug":"contato","status":"publish","type":"page","link":"https:\/\/abifer.org.br\/en\/contato\/","title":{"rendered":"Contact"},"content":{"rendered":"<h3><i class=\"fa fa-map-marker\" aria-hidden=\"true\"><\/i>Where are we<\/h3>\n<p><i class=\"fa fa-map-marker\" aria-hidden=\"true\"><\/i> Avenida Paulista, 1313<br \/>\n8\u00ba andar &#8211; conjunto 801<\/p>\n<p><i class=\"fa fa-phone\" aria-hidden=\"true\"><\/i> +55 11 3289-1667<\/p>\n<hr \/>\n<h3><i class=\"fa fa-newspaper-o\" aria-hidden=\"true\"><\/i> Press, Marketing and Events<\/h3>\n<p><strong>Gustavo Ferrari<\/strong><br \/>\n<a href=\"mailto:comunicacao@abifer.org.br\">comunicacao@abifer.org.br<\/a><\/p>\n<hr \/>\n<h3><i class=\"fa fa-usd\" aria-hidden=\"true\"><\/i> Financial and Administrative<\/h3>\n<p><strong>Edilene Mayer<\/strong><br \/>\n<a href=\"mailto:abifer@abifer.org.br\">abifer@abifer.org.br<\/a><\/p>\n","protected":false},"excerpt":{"rendered":"<p>Where are we Avenida Paulista, 1313 8\u00ba andar &#8211; conjunto 801 +55 11 3289-1667 Press, Marketing and Events Gustavo Ferrari comunicacao@abifer.org.br Financial and Administrative Edilene Mayer abifer@abifer.org.br<\/p>\n","protected":false},"author":1,"featured_media":0,"parent":0,"menu_order":0,"comment_status":"closed","ping_status":"closed","template":"page-fale-conosco.php","meta":{"footnotes":""},"class_list":["post-984","page","type-page","status-publish","hentry"],"acf":[],"yoast_head":"<!-- This site is optimized with the Yoast SEO plugin v18.2 - https:\/\/yoast.com\/wordpress\/plugins\/seo\/ -->\n<title>Contact - ABIFER<\/title>\n<meta name=\"robots\" content=\"index, follow, max-snippet:-1, max-image-preview:large, max-video-preview:-1\" \/>\n<link rel=\"canonical\" href=\"http:\/\/abifer.org.br\/contato\/\" \/>\n<meta property=\"og:locale\" content=\"pt_BR\" \/>\n<meta property=\"og:type\" content=\"article\" \/>\n<meta property=\"og:title\" content=\"Contact - ABIFER\" \/>\n<meta property=\"og:description\" content=\"Where are we Avenida Paulista, 1313 8\u00ba andar &#8211; conjunto 801 +55 11 3289-1667 Press, Marketing and Events Gustavo Ferrari comunicacao@abifer.org.br Financial and Administrative Edilene Mayer abifer@abifer.org.br\" \/>\n<meta property=\"og:url\" content=\"http:\/\/abifer.org.br\/en\/contato\/\" \/>\n<meta property=\"og:site_name\" content=\"ABIFER\" \/>\n<meta property=\"article:publisher\" content=\"https:\/\/www.facebook.com\/abiferoficial\/\" \/>\n<meta property=\"article:modified_time\" content=\"2018-01-15T18:13:53+00:00\" \/>\n<meta name=\"twitter:card\" content=\"summary_large_image\" \/>\n<meta name=\"twitter:site\" content=\"@abiferoficial\" \/>\n<script type=\"application\/ld+json\" class=\"yoast-schema-graph\">{\"@context\":\"https:\/\/schema.org\",\"@graph\":[{\"@type\":\"Organization\",\"@id\":\"http:\/\/abifer.org.br\/#organization\",\"name\":\"ABIFER\",\"url\":\"http:\/\/abifer.org.br\/\",\"sameAs\":[\"https:\/\/www.facebook.com\/abiferoficial\/\",\"https:\/\/www.linkedin.com\/company\/abiferoficial\/\",\"https:\/\/twitter.com\/abiferoficial\"],\"logo\":{\"@type\":\"ImageObject\",\"@id\":\"http:\/\/abifer.org.br\/#logo\",\"inLanguage\":\"pt-BR\",\"url\":\"https:\/\/abifer.org.br\/wp-content\/uploads\/2018\/05\/ABF_001_LogoSlogan.jpg\",\"contentUrl\":\"https:\/\/abifer.org.br\/wp-content\/uploads\/2018\/05\/ABF_001_LogoSlogan.jpg\",\"width\":1182,\"height\":486,\"caption\":\"ABIFER\"},\"image\":{\"@id\":\"http:\/\/abifer.org.br\/#logo\"}},{\"@type\":\"WebSite\",\"@id\":\"http:\/\/abifer.org.br\/#website\",\"url\":\"http:\/\/abifer.org.br\/\",\"name\":\"ABIFER\",\"description\":\"Associa\u00e7\u00e3o Brasileira da Ind\u00fastria Ferrovi\u00e1ria\",\"publisher\":{\"@id\":\"http:\/\/abifer.org.br\/#organization\"},\"potentialAction\":[{\"@type\":\"SearchAction\",\"target\":{\"@type\":\"EntryPoint\",\"urlTemplate\":\"http:\/\/abifer.org.br\/?s={search_term_string}\"},\"query-input\":\"required name=search_term_string\"}],\"inLanguage\":\"pt-BR\"},{\"@type\":\"WebPage\",\"@id\":\"http:\/\/abifer.org.br\/en\/contato\/#webpage\",\"url\":\"http:\/\/abifer.org.br\/en\/contato\/\",\"name\":\"Contact - ABIFER\",\"isPartOf\":{\"@id\":\"http:\/\/abifer.org.br\/#website\"},\"datePublished\":\"2017-11-23T13:57:35+00:00\",\"dateModified\":\"2018-01-15T18:13:53+00:00\",\"breadcrumb\":{\"@id\":\"http:\/\/abifer.org.br\/en\/contato\/#breadcrumb\"},\"inLanguage\":\"pt-BR\",\"potentialAction\":[{\"@type\":\"ReadAction\",\"target\":[\"http:\/\/abifer.org.br\/en\/contato\/\"]}]},{\"@type\":\"BreadcrumbList\",\"@id\":\"http:\/\/abifer.org.br\/en\/contato\/#breadcrumb\",\"itemListElement\":[{\"@type\":\"ListItem\",\"position\":1,\"name\":\"In\u00edcio\",\"item\":\"http:\/\/abifer.org.br\/\"},{\"@type\":\"ListItem\",\"position\":2,\"name\":\"Contact\"}]}]}<\/script>\n<!-- \/ Yoast SEO plugin. -->","yoast_head_json":{"title":"Contact - ABIFER","robots":{"index":"index","follow":"follow","max-snippet":"max-snippet:-1","max-image-preview":"max-image-preview:large","max-video-preview":"max-video-preview:-1"},"canonical":"http:\/\/abifer.org.br\/contato\/","og_locale":"pt_BR","og_type":"article","og_title":"Contact - ABIFER","og_description":"Where are we Avenida Paulista, 1313 8\u00ba andar &#8211; conjunto 801 +55 11 3289-1667 Press, Marketing and Events Gustavo Ferrari comunicacao@abifer.org.br Financial and Administrative Edilene Mayer abifer@abifer.org.br","og_url":"http:\/\/abifer.org.br\/en\/contato\/","og_site_name":"ABIFER","article_publisher":"https:\/\/www.facebook.com\/abiferoficial\/","article_modified_time":"2018-01-15T18:13:53+00:00","twitter_card":"summary_large_image","twitter_site":"@abiferoficial","schema":{"@context":"https:\/\/schema.org","@graph":[{"@type":"Organization","@id":"http:\/\/abifer.org.br\/#organization","name":"ABIFER","url":"http:\/\/abifer.org.br\/","sameAs":["https:\/\/www.facebook.com\/abiferoficial\/","https:\/\/www.linkedin.com\/company\/abiferoficial\/","https:\/\/twitter.com\/abiferoficial"],"logo":{"@type":"ImageObject","@id":"http:\/\/abifer.org.br\/#logo","inLanguage":"pt-BR","url":"https:\/\/abifer.org.br\/wp-content\/uploads\/2018\/05\/ABF_001_LogoSlogan.jpg","contentUrl":"https:\/\/abifer.org.br\/wp-content\/uploads\/2018\/05\/ABF_001_LogoSlogan.jpg","width":1182,"height":486,"caption":"ABIFER"},"image":{"@id":"http:\/\/abifer.org.br\/#logo"}},{"@type":"WebSite","@id":"http:\/\/abifer.org.br\/#website","url":"http:\/\/abifer.org.br\/","name":"ABIFER","description":"Associa\u00e7\u00e3o Brasileira da Ind\u00fastria Ferrovi\u00e1ria","publisher":{"@id":"http:\/\/abifer.org.br\/#organization"},"potentialAction":[{"@type":"SearchAction","target":{"@type":"EntryPoint","urlTemplate":"http:\/\/abifer.org.br\/?s={search_term_string}"},"query-input":"required name=search_term_string"}],"inLanguage":"pt-BR"},{"@type":"WebPage","@id":"http:\/\/abifer.org.br\/en\/contato\/#webpage","url":"http:\/\/abifer.org.br\/en\/contato\/","name":"Contact - ABIFER","isPartOf":{"@id":"http:\/\/abifer.org.br\/#website"},"datePublished":"2017-11-23T13:57:35+00:00","dateModified":"2018-01-15T18:13:53+00:00","breadcrumb":{"@id":"http:\/\/abifer.org.br\/en\/contato\/#breadcrumb"},"inLanguage":"pt-BR","potentialAction":[{"@type":"ReadAction","target":["http:\/\/abifer.org.br\/en\/contato\/"]}]},{"@type":"BreadcrumbList","@id":"http:\/\/abifer.org.br\/en\/contato\/#breadcrumb","itemListElement":[{"@type":"ListItem","position":1,"name":"In\u00edcio","item":"http:\/\/abifer.org.br\/"},{"@type":"ListItem","position":2,"name":"Contact"}]}]}},"_links":{"self":[{"href":"https:\/\/abifer.org.br\/en\/wp-json\/wp\/v2\/pages\/984\/"}],"collection":[{"href":"https:\/\/abifer.org.br\/en\/wp-json\/wp\/v2\/pages\/"}],"about":[{"href":"https:\/\/abifer.org.br\/en\/wp-json\/wp\/v2\/types\/page\/"}],"author":[{"embeddable":true,"href":"https:\/\/abifer.org.br\/en\/wp-json\/wp\/v2\/users\/1\/"}],"replies":[{"embeddable":true,"href":"https:\/\/abifer.org.br\/en\/wp-json\/wp\/v2\/comments\/?post=984"}],"version-history":[{"count":0,"href":"https:\/\/abifer.org.br\/en\/wp-json\/wp\/v2\/pages\/984\/revisions\/"}],"wp:attachment":[{"href":"https:\/\/abifer.org.br\/en\/wp-json\/wp\/v2\/media\/?parent=984"}],"curies":[{"name":"wp","href":"https:\/\/api.w.org\/{rel}","templated":true}]}}